{"id":853,"date":"2021-06-08T23:00:42","date_gmt":"2021-06-08T22:00:42","guid":{"rendered":"https:\/\/sexoempt.com\/?page_id=853"},"modified":"2021-06-08T23:04:04","modified_gmt":"2021-06-08T22:04:04","slug":"sex-shops-lojas-fisicas","status":"publish","type":"page","link":"https:\/\/sexoempt.com\/?page_id=853","title":{"rendered":"Lojas F\u00edsicas"},"content":{"rendered":"\t\t<div data-elementor-type=\"wp-page\" data-elementor-id=\"853\" class=\"elementor elementor-853\">\n\t\t\t\t\t\t<section class=\"has_eae_slider elementor-section elementor-top-section elementor-element elementor-element-a248881 elementor-section-boxed elementor-section-height-default elementor-section-height-default exad-glass-effect-no exad-sticky-section-no\" data-eae-slider=\"35169\" data-id=\"a248881\" data-element_type=\"section\">\n\t\t\t\t\t\t<div class=\"elementor-container elementor-column-gap-default\">\n\t\t\t\t\t<div class=\"has_eae_slider elementor-column elementor-col-100 elementor-top-column elementor-element elementor-element-5120b3f exad-glass-effect-no exad-sticky-section-no\" data-eae-slider=\"2777\" data-id=\"5120b3f\" data-element_type=\"column\">\n\t\t\t<div class=\"elementor-widget-wrap elementor-element-populated\">\n\t\t\t\t\t\t<div class=\"elementor-element elementor-element-05c6ac5 elementor-grid-eael-col-4 elementor-grid-tablet-eael-col-2 elementor-grid-mobile-eael-col-1 exad-sticky-section-no exad-glass-effect-no elementor-invisible elementor-widget elementor-widget-eael-post-grid\" data-id=\"05c6ac5\" data-element_type=\"widget\" data-settings=\"{&quot;_animation&quot;:&quot;fadeIn&quot;,&quot;eael_post_grid_columns&quot;:&quot;eael-col-4&quot;,&quot;eael_post_grid_columns_tablet&quot;:&quot;eael-col-2&quot;,&quot;eael_post_grid_columns_mobile&quot;:&quot;eael-col-1&quot;}\" data-widget_type=\"eael-post-grid.default\">\n\t\t\t\t<div class=\"elementor-widget-container\">\n\t\t\t\t\t<div id=\"eael-post-grid-05c6ac5\" class=\"eael-post-grid-container\">\n            <div class=\"eael-post-grid eael-post-appender eael-post-appender-05c6ac5 eael-post-grid-style-one\" data-layout-mode=\"grid\"><article class=\"eael-grid-post eael-post-grid-column\" data-id=\"875\">\n        <div class=\"eael-grid-post-holder\">\n            <div class=\"eael-grid-post-holder-inner\"><div class=\"eael-entry-media\"><div class=\"eael-entry-overlay fade-in\"><i class=\"fas fa-long-arrow-alt-right\" aria-hidden=\"true\"><\/i><a href=\"https:\/\/sexoempt.com\/?p=875\"><\/a><\/div><div class=\"eael-entry-thumbnail \">\n                <img fetchpriority=\"high\" decoding=\"async\" width=\"223\" height=\"260\" src=\"https:\/\/sexoempt.com\/wp-content\/uploads\/2021\/06\/Pecado-Real-Logo.png\" class=\"attachment-medium size-medium wp-image-876\" alt=\"\" \/>\n            <\/div>\n        <\/div><div class=\"eael-entry-wrapper\"><header class=\"eael-entry-header\"><h2 class=\"eael-entry-title\"><a class=\"eael-grid-post-link\" href=\"https:\/\/sexoempt.com\/?p=875\" title=\"Pecado Real\">Pecado Real<\/a><\/h2><\/header><div class=\"eael-entry-content\">\n                        <div class=\"eael-grid-post-excerpt\"><p>Localizada em Braga, a sex shop Pecado Real possui em stock produtos de largas dezenas de marcas. O site possui<\/p><a href=\"https:\/\/sexoempt.com\/?p=875\" class=\"eael-post-elements-readmore-btn\">Ler mais<\/a><\/div>\n                    <\/div><div class=\"eael-entry-footer\"><div class=\"eael-entry-meta\"><\/div><\/div><\/div><\/div>\n        <\/div>\n    <\/article><article class=\"eael-grid-post eael-post-grid-column\" data-id=\"898\">\n        <div class=\"eael-grid-post-holder\">\n            <div class=\"eael-grid-post-holder-inner\"><div class=\"eael-entry-media\"><div class=\"eael-entry-overlay fade-in\"><i class=\"fas fa-long-arrow-alt-right\" aria-hidden=\"true\"><\/i><a href=\"https:\/\/sexoempt.com\/?p=898\"><\/a><\/div><div class=\"eael-entry-thumbnail \">\n                <img decoding=\"async\" width=\"208\" height=\"45\" src=\"https:\/\/sexoempt.com\/wp-content\/uploads\/2021\/06\/Vibrolandia-Logo.jpg\" class=\"attachment-medium size-medium wp-image-903\" alt=\"\" \/>\n            <\/div>\n        <\/div><div class=\"eael-entry-wrapper\"><header class=\"eael-entry-header\"><h2 class=\"eael-entry-title\"><a class=\"eael-grid-post-link\" href=\"https:\/\/sexoempt.com\/?p=898\" title=\"Vibrolandia\">Vibrolandia<\/a><\/h2><\/header><div class=\"eael-entry-content\">\n                        <div class=\"eael-grid-post-excerpt\"><p>Localizada em Albarraque, Sintra, e a funcionar desde 2003, a sex shop Vibrolandia possui em stock in\u00fameros artigos \u00e0 sua<\/p><a href=\"https:\/\/sexoempt.com\/?p=898\" class=\"eael-post-elements-readmore-btn\">Ler mais<\/a><\/div>\n                    <\/div><div class=\"eael-entry-footer\"><div class=\"eael-entry-meta\"><\/div><\/div><\/div><\/div>\n        <\/div>\n    <\/article><article class=\"eael-grid-post eael-post-grid-column\" data-id=\"934\">\n        <div class=\"eael-grid-post-holder\">\n            <div class=\"eael-grid-post-holder-inner\"><div class=\"eael-entry-media\"><div class=\"eael-entry-overlay fade-in\"><i class=\"fas fa-long-arrow-alt-right\" aria-hidden=\"true\"><\/i><a href=\"https:\/\/sexoempt.com\/?p=934\"><\/a><\/div><div class=\"eael-entry-thumbnail \">\n                <img decoding=\"async\" width=\"205\" height=\"71\" src=\"https:\/\/sexoempt.com\/wp-content\/uploads\/2021\/06\/Flame-Logo.png\" class=\"attachment-medium size-medium wp-image-935\" alt=\"\" \/>\n            <\/div>\n        <\/div><div class=\"eael-entry-wrapper\"><header class=\"eael-entry-header\"><h2 class=\"eael-entry-title\"><a class=\"eael-grid-post-link\" href=\"https:\/\/sexoempt.com\/?p=934\" title=\"Flame\">Flame<\/a><\/h2><\/header><div class=\"eael-entry-content\">\n                        <div class=\"eael-grid-post-excerpt\"><p>Com duas lojas localizadas em Almada e em Corroios, a sex shop Flame possui em stock in\u00fameros artigos \u00e0 sua<\/p><a href=\"https:\/\/sexoempt.com\/?p=934\" class=\"eael-post-elements-readmore-btn\">Ler mais<\/a><\/div>\n                    <\/div><div class=\"eael-entry-footer\"><div class=\"eael-entry-meta\"><\/div><\/div><\/div><\/div>\n        <\/div>\n    <\/article><article class=\"eael-grid-post eael-post-grid-column\" data-id=\"948\">\n        <div class=\"eael-grid-post-holder\">\n            <div class=\"eael-grid-post-holder-inner\"><div class=\"eael-entry-media\"><div class=\"eael-entry-overlay fade-in\"><i class=\"fas fa-long-arrow-alt-right\" aria-hidden=\"true\"><\/i><a href=\"https:\/\/sexoempt.com\/?p=948\"><\/a><\/div><div class=\"eael-entry-thumbnail \">\n                <img loading=\"lazy\" decoding=\"async\" width=\"300\" height=\"91\" src=\"https:\/\/sexoempt.com\/wp-content\/uploads\/2021\/06\/2-desejos-Logo-300x91.jpg\" class=\"attachment-medium size-medium wp-image-952\" alt=\"\" srcset=\"https:\/\/sexoempt.com\/wp-content\/uploads\/2021\/06\/2-desejos-Logo-300x91.jpg 300w, https:\/\/sexoempt.com\/wp-content\/uploads\/2021\/06\/2-desejos-Logo.jpg 345w\" sizes=\"(max-width: 300px) 100vw, 300px\" \/>\n            <\/div>\n        <\/div><div class=\"eael-entry-wrapper\"><header class=\"eael-entry-header\"><h2 class=\"eael-entry-title\"><a class=\"eael-grid-post-link\" href=\"https:\/\/sexoempt.com\/?p=948\" title=\"2Desejos\">2Desejos<\/a><\/h2><\/header><div class=\"eael-entry-content\">\n                        <div class=\"eael-grid-post-excerpt\"><p>Localizada em Sintra, e a funcionar desde 2005, a sex shop 2Desejos possui em stock in\u00fameros artigos de v\u00e1rias dezenas<\/p><a href=\"https:\/\/sexoempt.com\/?p=948\" class=\"eael-post-elements-readmore-btn\">Ler mais<\/a><\/div>\n                    <\/div><div class=\"eael-entry-footer\"><div class=\"eael-entry-meta\"><\/div><\/div><\/div><\/div>\n        <\/div>\n    <\/article><article class=\"eael-grid-post eael-post-grid-column\" data-id=\"963\">\n        <div class=\"eael-grid-post-holder\">\n            <div class=\"eael-grid-post-holder-inner\"><div class=\"eael-entry-media\"><div class=\"eael-entry-overlay fade-in\"><i class=\"fas fa-long-arrow-alt-right\" aria-hidden=\"true\"><\/i><a href=\"https:\/\/sexoempt.com\/?p=963\"><\/a><\/div><div class=\"eael-entry-thumbnail \">\n                <img loading=\"lazy\" decoding=\"async\" width=\"300\" height=\"69\" src=\"https:\/\/sexoempt.com\/wp-content\/uploads\/2021\/06\/Cupido-Logo-Novo-300x69.jpg\" class=\"attachment-medium size-medium wp-image-1248\" alt=\"\" srcset=\"https:\/\/sexoempt.com\/wp-content\/uploads\/2021\/06\/Cupido-Logo-Novo-300x69.jpg 300w, https:\/\/sexoempt.com\/wp-content\/uploads\/2021\/06\/Cupido-Logo-Novo-350x81.jpg 350w, https:\/\/sexoempt.com\/wp-content\/uploads\/2021\/06\/Cupido-Logo-Novo.jpg 520w\" sizes=\"(max-width: 300px) 100vw, 300px\" \/>\n            <\/div>\n        <\/div><div class=\"eael-entry-wrapper\"><header class=\"eael-entry-header\"><h2 class=\"eael-entry-title\"><a class=\"eael-grid-post-link\" href=\"https:\/\/sexoempt.com\/?p=963\" title=\"Cupido&#8217;s Shop\">Cupido&#8217;s Shop<\/a><\/h2><\/header><div class=\"eael-entry-content\">\n                        <div class=\"eael-grid-post-excerpt\"><p>Com 3 lojas localizadas no Algarve (Faro, Loul\u00e9 e Olh\u00e3o) a sex shop Cupido possui em stock in\u00fameros artigos de<\/p><a href=\"https:\/\/sexoempt.com\/?p=963\" class=\"eael-post-elements-readmore-btn\">Ler mais<\/a><\/div>\n                    <\/div><div class=\"eael-entry-footer\"><div class=\"eael-entry-meta\"><\/div><\/div><\/div><\/div>\n        <\/div>\n    <\/article><article class=\"eael-grid-post eael-post-grid-column\" data-id=\"1342\">\n        <div class=\"eael-grid-post-holder\">\n            <div class=\"eael-grid-post-holder-inner\"><div class=\"eael-entry-media\"><div class=\"eael-entry-overlay fade-in\"><i class=\"fas fa-long-arrow-alt-right\" aria-hidden=\"true\"><\/i><a href=\"https:\/\/sexoempt.com\/?p=1342\"><\/a><\/div><div class=\"eael-entry-thumbnail \">\n                <img loading=\"lazy\" decoding=\"async\" width=\"178\" height=\"60\" src=\"https:\/\/sexoempt.com\/wp-content\/uploads\/2021\/12\/My-Sex-Shop-Logo.png\" class=\"attachment-medium size-medium wp-image-1343\" alt=\"\" \/>\n            <\/div>\n        <\/div><div class=\"eael-entry-wrapper\"><header class=\"eael-entry-header\"><h2 class=\"eael-entry-title\"><a class=\"eael-grid-post-link\" href=\"https:\/\/sexoempt.com\/?p=1342\" title=\"My Sex Shop\">My Sex Shop<\/a><\/h2><\/header><div class=\"eael-entry-content\">\n                        <div class=\"eael-grid-post-excerpt\"><p>Com loja em Lisboa, a My Sex Shop tem in\u00fameros artigos \u00e0 sua disposi\u00e7\u00e3o. Quer fisicamente quer pelo site, encontra-se<\/p><a href=\"https:\/\/sexoempt.com\/?p=1342\" class=\"eael-post-elements-readmore-btn\">Ler mais<\/a><\/div>\n                    <\/div><div class=\"eael-entry-footer\"><div class=\"eael-entry-meta\"><\/div><\/div><\/div><\/div>\n        <\/div>\n    <\/article><article class=\"eael-grid-post eael-post-grid-column\" data-id=\"1356\">\n        <div class=\"eael-grid-post-holder\">\n            <div class=\"eael-grid-post-holder-inner\"><div class=\"eael-entry-media\"><div class=\"eael-entry-overlay fade-in\"><i class=\"fas fa-long-arrow-alt-right\" aria-hidden=\"true\"><\/i><a href=\"https:\/\/sexoempt.com\/?p=1356\"><\/a><\/div><div class=\"eael-entry-thumbnail \">\n                <img loading=\"lazy\" decoding=\"async\" width=\"300\" height=\"115\" src=\"https:\/\/sexoempt.com\/wp-content\/uploads\/2021\/12\/Perola-do-Prazer-Logo-300x115.jpg\" class=\"attachment-medium size-medium wp-image-1357\" alt=\"\" srcset=\"https:\/\/sexoempt.com\/wp-content\/uploads\/2021\/12\/Perola-do-Prazer-Logo-300x115.jpg 300w, https:\/\/sexoempt.com\/wp-content\/uploads\/2021\/12\/Perola-do-Prazer-Logo-350x134.jpg 350w, https:\/\/sexoempt.com\/wp-content\/uploads\/2021\/12\/Perola-do-Prazer-Logo.jpg 496w\" sizes=\"(max-width: 300px) 100vw, 300px\" \/>\n            <\/div>\n        <\/div><div class=\"eael-entry-wrapper\"><header class=\"eael-entry-header\"><h2 class=\"eael-entry-title\"><a class=\"eael-grid-post-link\" href=\"https:\/\/sexoempt.com\/?p=1356\" title=\"P\u00e9rola do Prazer\">P\u00e9rola do Prazer<\/a><\/h2><\/header><div class=\"eael-entry-content\">\n                        <div class=\"eael-grid-post-excerpt\"><p>Com loja localizada em Almada e a funcionar desde 2005, a P\u00e9rola do Prazer tem in\u00fameros artigos \u00e0 sua disposi\u00e7\u00e3o.<\/p><a href=\"https:\/\/sexoempt.com\/?p=1356\" class=\"eael-post-elements-readmore-btn\">Ler mais<\/a><\/div>\n                    <\/div><div class=\"eael-entry-footer\"><div class=\"eael-entry-meta\"><\/div><\/div><\/div><\/div>\n        <\/div>\n    <\/article><article class=\"eael-grid-post eael-post-grid-column\" data-id=\"1363\">\n        <div class=\"eael-grid-post-holder\">\n            <div class=\"eael-grid-post-holder-inner\"><div class=\"eael-entry-media\"><div class=\"eael-entry-overlay fade-in\"><i class=\"fas fa-long-arrow-alt-right\" aria-hidden=\"true\"><\/i><a href=\"https:\/\/sexoempt.com\/?p=1363\"><\/a><\/div><div class=\"eael-entry-thumbnail \">\n                <img loading=\"lazy\" decoding=\"async\" width=\"162\" height=\"100\" src=\"https:\/\/sexoempt.com\/wp-content\/uploads\/2021\/12\/KamaSutra-Logo.png\" class=\"attachment-medium size-medium wp-image-1370\" alt=\"\" \/>\n            <\/div>\n        <\/div><div class=\"eael-entry-wrapper\"><header class=\"eael-entry-header\"><h2 class=\"eael-entry-title\"><a class=\"eael-grid-post-link\" href=\"https:\/\/sexoempt.com\/?p=1363\" title=\"Kamasutra Sex Shop\">Kamasutra Sex Shop<\/a><\/h2><\/header><div class=\"eael-entry-content\">\n                        <div class=\"eael-grid-post-excerpt\"><p>Localizada em S. Domingos de Rana, a Kamasutra Sex Shop aguarda-o com in\u00fameros artigos \u00e0 disposi\u00e7\u00e3o. O site tem uma<\/p><a href=\"https:\/\/sexoempt.com\/?p=1363\" class=\"eael-post-elements-readmore-btn\">Ler mais<\/a><\/div>\n                    <\/div><div class=\"eael-entry-footer\"><div class=\"eael-entry-meta\"><\/div><\/div><\/div><\/div>\n        <\/div>\n    <\/article><article class=\"eael-grid-post eael-post-grid-column\" data-id=\"2042\">\n        <div class=\"eael-grid-post-holder\">\n            <div class=\"eael-grid-post-holder-inner\"><div class=\"eael-entry-media\"><div class=\"eael-entry-overlay fade-in\"><i class=\"fas fa-long-arrow-alt-right\" aria-hidden=\"true\"><\/i><a href=\"https:\/\/sexoempt.com\/?p=2042\"><\/a><\/div><div class=\"eael-entry-thumbnail \">\n                <img loading=\"lazy\" decoding=\"async\" width=\"253\" height=\"111\" src=\"https:\/\/sexoempt.com\/wp-content\/uploads\/2022\/05\/Desejo-supremo-Logo.jpg\" class=\"attachment-medium size-medium wp-image-2046\" alt=\"\" srcset=\"https:\/\/sexoempt.com\/wp-content\/uploads\/2022\/05\/Desejo-supremo-Logo.jpg 253w, https:\/\/sexoempt.com\/wp-content\/uploads\/2022\/05\/Desejo-supremo-Logo-250x111.jpg 250w\" sizes=\"(max-width: 253px) 100vw, 253px\" \/>\n            <\/div>\n        <\/div><div class=\"eael-entry-wrapper\"><header class=\"eael-entry-header\"><h2 class=\"eael-entry-title\"><a class=\"eael-grid-post-link\" href=\"https:\/\/sexoempt.com\/?p=2042\" title=\"Desejo Supremo\">Desejo Supremo<\/a><\/h2><\/header><div class=\"eael-entry-content\">\n                        <div class=\"eael-grid-post-excerpt\"><p>Localizada na Figueira da Foz, a Desejo Supremo realiza entregas gratuitas para compras acima dos 50\u20ac e at\u00e9 48 horas<\/p><a href=\"https:\/\/sexoempt.com\/?p=2042\" class=\"eael-post-elements-readmore-btn\">Ler mais<\/a><\/div>\n                    <\/div><div class=\"eael-entry-footer\"><div class=\"eael-entry-meta\"><\/div><\/div><\/div><\/div>\n        <\/div>\n    <\/article><\/div>\n            <div class=\"clearfix\"><\/div>\n        <\/div>\t\t\t\t<\/div>\n\t\t\t\t<\/div>\n\t\t\t\t\t<\/div>\n\t\t<\/div>\n\t\t\t\t\t<\/div>\n\t\t<\/section>\n\t\t\t\t<\/div>\n\t\t","protected":false},"excerpt":{"rendered":"<p>Lista de sex shops com instala\u00e7\u00f5es f\u00edsicas em Portugal.<\/p>\n","protected":false},"author":3,"featured_media":0,"parent":0,"menu_order":0,"comment_status":"closed","ping_status":"closed","template":"","meta":{"colormag_page_container_layout":"default_layout","colormag_page_sidebar_layout":"default_layout","footnotes":""},"class_list":["post-853","page","type-page","status-publish","hentry"],"_links":{"self":[{"href":"https:\/\/sexoempt.com\/index.php?rest_route=\/wp\/v2\/pages\/853","targetHints":{"allow":["GET"]}}],"collection":[{"href":"https:\/\/sexoempt.com\/index.php?rest_route=\/wp\/v2\/pages"}],"about":[{"href":"https:\/\/sexoempt.com\/index.php?rest_route=\/wp\/v2\/types\/page"}],"author":[{"embeddable":true,"href":"https:\/\/sexoempt.com\/index.php?rest_route=\/wp\/v2\/users\/3"}],"replies":[{"embeddable":true,"href":"https:\/\/sexoempt.com\/index.php?rest_route=%2Fwp%2Fv2%2Fcomments&post=853"}],"version-history":[{"count":5,"href":"https:\/\/sexoempt.com\/index.php?rest_route=\/wp\/v2\/pages\/853\/revisions"}],"predecessor-version":[{"id":866,"href":"https:\/\/sexoempt.com\/index.php?rest_route=\/wp\/v2\/pages\/853\/revisions\/866"}],"wp:attachment":[{"href":"https:\/\/sexoempt.com\/index.php?rest_route=%2Fwp%2Fv2%2Fmedia&parent=853"}],"curies":[{"name":"wp","href":"https:\/\/api.w.org\/{rel}","templated":true}]}}