{"id":7511,"date":"2023-03-24T23:51:10","date_gmt":"2023-03-24T22:51:10","guid":{"rendered":"https:\/\/sexoempt.com\/?page_id=7511"},"modified":"2023-03-30T11:44:41","modified_gmt":"2023-03-30T10:44:41","slug":"videos-portugal-2","status":"publish","type":"page","link":"https:\/\/sexoempt.com\/?page_id=7511","title":{"rendered":"V\u00eddeos"},"content":{"rendered":"\t\t<div data-elementor-type=\"wp-page\" data-elementor-id=\"7511\" class=\"elementor elementor-7511\">\n\t\t\t\t\t\t<section class=\"has_eae_slider elementor-section elementor-top-section elementor-element elementor-element-69bf790 elementor-section-boxed elementor-section-height-default elementor-section-height-default exad-glass-effect-no exad-sticky-section-no\" data-eae-slider=\"6831\" data-id=\"69bf790\" data-element_type=\"section\">\n\t\t\t\t\t\t<div class=\"elementor-container elementor-column-gap-default\">\n\t\t\t\t\t<div class=\"has_eae_slider elementor-column elementor-col-100 elementor-top-column elementor-element elementor-element-e7813dc exad-glass-effect-no exad-sticky-section-no\" data-eae-slider=\"30051\" data-id=\"e7813dc\" data-element_type=\"column\">\n\t\t\t<div class=\"elementor-widget-wrap elementor-element-populated\">\n\t\t\t\t\t\t<div class=\"elementor-element elementor-element-2aa620a exad-sticky-section-no exad-glass-effect-no elementor-widget elementor-widget-image\" data-id=\"2aa620a\" data-element_type=\"widget\" data-widget_type=\"image.default\">\n\t\t\t\t<div class=\"elementor-widget-container\">\n\t\t\t\t\t\t\t\t\t\t\t\t\t\t\t\t<a href=\"https:\/\/sexoempt.com\/?page_id=7529\">\n\t\t\t\t\t\t\t<img fetchpriority=\"high\" decoding=\"async\" width=\"728\" height=\"90\" src=\"https:\/\/sexoempt.com\/wp-content\/uploads\/2023\/03\/Lista-Completa-de-Videos.jpg\" class=\"attachment-large size-large wp-image-7593\" alt=\"\" srcset=\"https:\/\/sexoempt.com\/wp-content\/uploads\/2023\/03\/Lista-Completa-de-Videos.jpg 728w, https:\/\/sexoempt.com\/wp-content\/uploads\/2023\/03\/Lista-Completa-de-Videos-300x37.jpg 300w, https:\/\/sexoempt.com\/wp-content\/uploads\/2023\/03\/Lista-Completa-de-Videos-350x43.jpg 350w\" sizes=\"(max-width: 728px) 100vw, 728px\" \/>\t\t\t\t\t\t\t\t<\/a>\n\t\t\t\t\t\t\t\t\t\t\t\t\t\t\t<\/div>\n\t\t\t\t<\/div>\n\t\t\t\t\t<\/div>\n\t\t<\/div>\n\t\t\t\t\t<\/div>\n\t\t<\/section>\n\t\t\t\t<section class=\"has_eae_slider elementor-section elementor-top-section elementor-element elementor-element-8196263 elementor-section-boxed elementor-section-height-default elementor-section-height-default exad-glass-effect-no exad-sticky-section-no\" data-eae-slider=\"86397\" data-id=\"8196263\" data-element_type=\"section\">\n\t\t\t\t\t\t<div class=\"elementor-container elementor-column-gap-default\">\n\t\t\t\t\t<div class=\"has_eae_slider elementor-column elementor-col-100 elementor-top-column elementor-element elementor-element-8eddff2 exad-glass-effect-no exad-sticky-section-no\" data-eae-slider=\"58559\" data-id=\"8eddff2\" data-element_type=\"column\">\n\t\t\t<div class=\"elementor-widget-wrap elementor-element-populated\">\n\t\t\t\t\t\t<div class=\"elementor-element elementor-element-8a74321 elementor-grid-eael-col-4 elementor-grid-tablet-eael-col-2 elementor-grid-mobile-eael-col-1 exad-sticky-section-no exad-glass-effect-no elementor-widget elementor-widget-eael-post-grid\" data-id=\"8a74321\" data-element_type=\"widget\" data-settings=\"{&quot;eael_post_grid_columns&quot;:&quot;eael-col-4&quot;,&quot;eael_post_grid_columns_tablet&quot;:&quot;eael-col-2&quot;,&quot;eael_post_grid_columns_mobile&quot;:&quot;eael-col-1&quot;}\" data-widget_type=\"eael-post-grid.default\">\n\t\t\t\t<div class=\"elementor-widget-container\">\n\t\t\t\t\t<div id=\"eael-post-grid-8a74321\" class=\"eael-post-grid-container\">\n            <div class=\"eael-post-grid eael-post-appender eael-post-appender-8a74321 eael-post-grid-style-one\" data-layout-mode=\"masonry\"><article class=\"eael-grid-post eael-post-grid-column\" data-id=\"8885\">\n        <div class=\"eael-grid-post-holder\">\n            <div class=\"eael-grid-post-holder-inner\"><div class=\"eael-entry-media\"><div class=\"eael-entry-overlay fade-in\"><i class=\"fas fa-long-arrow-alt-right\" aria-hidden=\"true\"><\/i><a href=\"https:\/\/sexoempt.com\/?p=8885\"><\/a><\/div><div class=\"eael-entry-thumbnail \">\n                <img decoding=\"async\" width=\"240\" height=\"180\" src=\"https:\/\/sexoempt.com\/wp-content\/uploads\/2023\/03\/Videos-Anal.jpg\" class=\"attachment-medium size-medium wp-image-9621\" alt=\"\" \/>\n            <\/div>\n        <\/div><div class=\"eael-entry-wrapper\"><header class=\"eael-entry-header\"><h2 class=\"eael-entry-title\"><a class=\"eael-grid-post-link\" href=\"https:\/\/sexoempt.com\/?p=8885\" title=\"V\u00eddeos de Anal\">V\u00eddeos de Anal<\/a><\/h2><\/header><div class=\"eael-entry-content\">\n                        <div class=\"eael-grid-post-excerpt\"><p><\/p><a href=\"https:\/\/sexoempt.com\/?p=8885\" class=\"eael-post-elements-readmore-btn\">Ver mais<\/a><\/div>\n                    <\/div><\/div><\/div>\n        <\/div>\n    <\/article><article class=\"eael-grid-post eael-post-grid-column\" data-id=\"8608\">\n        <div class=\"eael-grid-post-holder\">\n            <div class=\"eael-grid-post-holder-inner\"><div class=\"eael-entry-media\"><div class=\"eael-entry-overlay fade-in\"><i class=\"fas fa-long-arrow-alt-right\" aria-hidden=\"true\"><\/i><a href=\"https:\/\/sexoempt.com\/?p=8608\"><\/a><\/div><div class=\"eael-entry-thumbnail \">\n                <img decoding=\"async\" width=\"240\" height=\"180\" src=\"https:\/\/sexoempt.com\/wp-content\/uploads\/2023\/03\/Videos-Camara-Escondida.jpg\" class=\"attachment-medium size-medium wp-image-8609\" alt=\"\" \/>\n            <\/div>\n        <\/div><div class=\"eael-entry-wrapper\"><header class=\"eael-entry-header\"><h2 class=\"eael-entry-title\"><a class=\"eael-grid-post-link\" href=\"https:\/\/sexoempt.com\/?p=8608\" title=\"C\u00e2mara Escondida\">C\u00e2mara Escondida<\/a><\/h2><\/header><div class=\"eael-entry-content\">\n                        <div class=\"eael-grid-post-excerpt\"><p><\/p><a href=\"https:\/\/sexoempt.com\/?p=8608\" class=\"eael-post-elements-readmore-btn\">Ver mais<\/a><\/div>\n                    <\/div><\/div><\/div>\n        <\/div>\n    <\/article><article class=\"eael-grid-post eael-post-grid-column\" data-id=\"7474\">\n        <div class=\"eael-grid-post-holder\">\n            <div class=\"eael-grid-post-holder-inner\"><div class=\"eael-entry-media\"><div class=\"eael-entry-overlay fade-in\"><i class=\"fas fa-long-arrow-alt-right\" aria-hidden=\"true\"><\/i><a href=\"https:\/\/sexoempt.com\/?p=7474\"><\/a><\/div><div class=\"eael-entry-thumbnail \">\n                <img loading=\"lazy\" decoding=\"async\" width=\"240\" height=\"180\" src=\"https:\/\/sexoempt.com\/wp-content\/uploads\/2023\/03\/Videos-Brasil.jpg\" class=\"attachment-medium size-medium wp-image-7587\" alt=\"\" \/>\n            <\/div>\n        <\/div><div class=\"eael-entry-wrapper\"><header class=\"eael-entry-header\"><h2 class=\"eael-entry-title\"><a class=\"eael-grid-post-link\" href=\"https:\/\/sexoempt.com\/?p=7474\" title=\"V\u00eddeos do Brasil\">V\u00eddeos do Brasil<\/a><\/h2><\/header><div class=\"eael-entry-content\">\n                        <div class=\"eael-grid-post-excerpt\"><p><\/p><a href=\"https:\/\/sexoempt.com\/?p=7474\" class=\"eael-post-elements-readmore-btn\">Ver mais<\/a><\/div>\n                    <\/div><\/div><\/div>\n        <\/div>\n    <\/article><article class=\"eael-grid-post eael-post-grid-column\" data-id=\"5464\">\n        <div class=\"eael-grid-post-holder\">\n            <div class=\"eael-grid-post-holder-inner\"><div class=\"eael-entry-media\"><div class=\"eael-entry-overlay fade-in\"><i class=\"fas fa-long-arrow-alt-right\" aria-hidden=\"true\"><\/i><a href=\"https:\/\/sexoempt.com\/?p=5464\"><\/a><\/div><div class=\"eael-entry-thumbnail \">\n                <img loading=\"lazy\" decoding=\"async\" width=\"240\" height=\"180\" src=\"https:\/\/sexoempt.com\/wp-content\/uploads\/2023\/03\/Videos-Amadores.jpg\" class=\"attachment-medium size-medium wp-image-7583\" alt=\"\" \/>\n            <\/div>\n        <\/div><div class=\"eael-entry-wrapper\"><header class=\"eael-entry-header\"><h2 class=\"eael-entry-title\"><a class=\"eael-grid-post-link\" href=\"https:\/\/sexoempt.com\/?p=5464\" title=\"V\u00eddeos Amadores\">V\u00eddeos Amadores<\/a><\/h2><\/header><div class=\"eael-entry-content\">\n                        <div class=\"eael-grid-post-excerpt\"><p><\/p><a href=\"https:\/\/sexoempt.com\/?p=5464\" class=\"eael-post-elements-readmore-btn\">Ver mais<\/a><\/div>\n                    <\/div><\/div><\/div>\n        <\/div>\n    <\/article><\/div>\n            <div class=\"clearfix\"><\/div>\n        <\/div>\t\t\t\t<\/div>\n\t\t\t\t<\/div>\n\t\t\t\t\t<\/div>\n\t\t<\/div>\n\t\t\t\t\t<\/div>\n\t\t<\/section>\n\t\t\t\t<\/div>\n\t\t","protected":false},"excerpt":{"rendered":"<p>V\u00eddeos de Anal Ver mais C\u00e2mara Escondida Ver mais V\u00eddeos do Brasil Ver mais V\u00eddeos Amadores Ver mais<\/p>\n","protected":false},"author":3,"featured_media":0,"parent":0,"menu_order":0,"comment_status":"closed","ping_status":"closed","template":"","meta":{"colormag_page_container_layout":"default_layout","colormag_page_sidebar_layout":"default_layout","footnotes":""},"class_list":["post-7511","page","type-page","status-publish","hentry"],"_links":{"self":[{"href":"https:\/\/sexoempt.com\/index.php?rest_route=\/wp\/v2\/pages\/7511","targetHints":{"allow":["GET"]}}],"collection":[{"href":"https:\/\/sexoempt.com\/index.php?rest_route=\/wp\/v2\/pages"}],"about":[{"href":"https:\/\/sexoempt.com\/index.php?rest_route=\/wp\/v2\/types\/page"}],"author":[{"embeddable":true,"href":"https:\/\/sexoempt.com\/index.php?rest_route=\/wp\/v2\/users\/3"}],"replies":[{"embeddable":true,"href":"https:\/\/sexoempt.com\/index.php?rest_route=%2Fwp%2Fv2%2Fcomments&post=7511"}],"version-history":[{"count":20,"href":"https:\/\/sexoempt.com\/index.php?rest_route=\/wp\/v2\/pages\/7511\/revisions"}],"predecessor-version":[{"id":13658,"href":"https:\/\/sexoempt.com\/index.php?rest_route=\/wp\/v2\/pages\/7511\/revisions\/13658"}],"wp:attachment":[{"href":"https:\/\/sexoempt.com\/index.php?rest_route=%2Fwp%2Fv2%2Fmedia&parent=7511"}],"curies":[{"name":"wp","href":"https:\/\/api.w.org\/{rel}","templated":true}]}}