{"id":534,"date":"2021-04-25T19:54:00","date_gmt":"2021-04-25T18:54:00","guid":{"rendered":"https:\/\/sexoempt.com\/?page_id=534"},"modified":"2021-05-04T16:14:57","modified_gmt":"2021-05-04T15:14:57","slug":"moteis-centro","status":"publish","type":"page","link":"https:\/\/sexoempt.com\/?page_id=534","title":{"rendered":"Mot\u00e9is Centro"},"content":{"rendered":"\t\t<div data-elementor-type=\"wp-page\" data-elementor-id=\"534\" class=\"elementor elementor-534\">\n\t\t\t\t\t\t<section class=\"has_eae_slider elementor-section elementor-top-section elementor-element elementor-element-a248881 elementor-section-boxed elementor-section-height-default elementor-section-height-default exad-glass-effect-no exad-sticky-section-no\" data-eae-slider=\"52181\" data-id=\"a248881\" data-element_type=\"section\">\n\t\t\t\t\t\t<div class=\"elementor-container elementor-column-gap-default\">\n\t\t\t\t\t<div class=\"has_eae_slider elementor-column elementor-col-100 elementor-top-column elementor-element elementor-element-5120b3f exad-glass-effect-no exad-sticky-section-no\" data-eae-slider=\"45252\" data-id=\"5120b3f\" data-element_type=\"column\">\n\t\t\t<div class=\"elementor-widget-wrap elementor-element-populated\">\n\t\t\t\t\t\t<div class=\"elementor-element elementor-element-05c6ac5 elementor-grid-eael-col-4 elementor-grid-tablet-eael-col-2 elementor-grid-mobile-eael-col-1 exad-sticky-section-no exad-glass-effect-no elementor-invisible elementor-widget elementor-widget-eael-post-grid\" data-id=\"05c6ac5\" data-element_type=\"widget\" data-settings=\"{&quot;_animation&quot;:&quot;fadeIn&quot;,&quot;eael_post_grid_columns&quot;:&quot;eael-col-4&quot;,&quot;eael_post_grid_columns_tablet&quot;:&quot;eael-col-2&quot;,&quot;eael_post_grid_columns_mobile&quot;:&quot;eael-col-1&quot;}\" data-widget_type=\"eael-post-grid.default\">\n\t\t\t\t<div class=\"elementor-widget-container\">\n\t\t\t\t\t<div id=\"eael-post-grid-05c6ac5\" class=\"eael-post-grid-container\">\n            <div class=\"eael-post-grid eael-post-appender eael-post-appender-05c6ac5 eael-post-grid-style-one\" data-layout-mode=\"grid\"><article class=\"eael-grid-post eael-post-grid-column\" data-id=\"521\">\n        <div class=\"eael-grid-post-holder\">\n            <div class=\"eael-grid-post-holder-inner\"><div class=\"eael-entry-media\"><div class=\"eael-entry-overlay fade-in\"><i class=\"fas fa-long-arrow-alt-right\" aria-hidden=\"true\"><\/i><a href=\"https:\/\/sexoempt.com\/?p=521\"><\/a><\/div><div class=\"eael-entry-thumbnail \">\n                <img decoding=\"async\" width=\"170\" height=\"105\" src=\"https:\/\/sexoempt.com\/wp-content\/uploads\/2021\/04\/Avenue-Leiria-Pombal-Logo.jpg\" class=\"attachment-medium size-medium wp-image-522\" alt=\"\" \/>\n            <\/div>\n        <\/div><div class=\"eael-entry-wrapper\"><header class=\"eael-entry-header\"><h2 class=\"eael-entry-title\"><a class=\"eael-grid-post-link\" href=\"https:\/\/sexoempt.com\/?p=521\" title=\"Motel Avenue Leiria Pombal\">Motel Avenue Leiria Pombal<\/a><\/h2><\/header><div class=\"eael-entry-content\">\n                        <div class=\"eael-grid-post-excerpt\"><p>Localizado em Leiria, o Motel Avenue Leiria Pombal possui quartos e suites luxuosamente decoradas. Argolas com corrente, duche duplo, espelhos,<\/p><a href=\"https:\/\/sexoempt.com\/?p=521\" class=\"eael-post-elements-readmore-btn\">Ler mais<\/a><\/div>\n                    <\/div><div class=\"eael-entry-footer\"><div class=\"eael-entry-meta\"><\/div><\/div><\/div><\/div>\n        <\/div>\n    <\/article><article class=\"eael-grid-post eael-post-grid-column\" data-id=\"503\">\n        <div class=\"eael-grid-post-holder\">\n            <div class=\"eael-grid-post-holder-inner\"><div class=\"eael-entry-media\"><div class=\"eael-entry-overlay fade-in\"><i class=\"fas fa-long-arrow-alt-right\" aria-hidden=\"true\"><\/i><a href=\"https:\/\/sexoempt.com\/?p=503\"><\/a><\/div><div class=\"eael-entry-thumbnail \">\n                <img decoding=\"async\" width=\"220\" height=\"221\" src=\"https:\/\/sexoempt.com\/wp-content\/uploads\/2021\/04\/Motel-Caribe-Logo.png\" class=\"attachment-medium size-medium wp-image-504\" alt=\"\" srcset=\"https:\/\/sexoempt.com\/wp-content\/uploads\/2021\/04\/Motel-Caribe-Logo.png 220w, https:\/\/sexoempt.com\/wp-content\/uploads\/2021\/04\/Motel-Caribe-Logo-50x50.png 50w\" sizes=\"(max-width: 220px) 100vw, 220px\" \/>\n            <\/div>\n        <\/div><div class=\"eael-entry-wrapper\"><header class=\"eael-entry-header\"><h2 class=\"eael-entry-title\"><a class=\"eael-grid-post-link\" href=\"https:\/\/sexoempt.com\/?p=503\" title=\"Motel Caribe\">Motel Caribe<\/a><\/h2><\/header><div class=\"eael-entry-content\">\n                        <div class=\"eael-grid-post-excerpt\"><p>Localizado em Leiria, o Motel Caribe possui suites equipadas com espelhos, hidromassagem, var\u00e3o e jacuzzi. Com privacidade total, tem servi\u00e7o<\/p><a href=\"https:\/\/sexoempt.com\/?p=503\" class=\"eael-post-elements-readmore-btn\">Ler mais<\/a><\/div>\n                    <\/div><div class=\"eael-entry-footer\"><div class=\"eael-entry-meta\"><\/div><\/div><\/div><\/div>\n        <\/div>\n    <\/article><article class=\"eael-grid-post eael-post-grid-column\" data-id=\"461\">\n        <div class=\"eael-grid-post-holder\">\n            <div class=\"eael-grid-post-holder-inner\"><div class=\"eael-entry-media\"><div class=\"eael-entry-overlay fade-in\"><i class=\"fas fa-long-arrow-alt-right\" aria-hidden=\"true\"><\/i><a href=\"https:\/\/sexoempt.com\/?p=461\"><\/a><\/div><div class=\"eael-entry-thumbnail \">\n                <img decoding=\"async\" width=\"300\" height=\"135\" src=\"https:\/\/sexoempt.com\/wp-content\/uploads\/2021\/04\/Principe-Encantado-Logo-300x135.png\" class=\"attachment-medium size-medium wp-image-462\" alt=\"\" srcset=\"https:\/\/sexoempt.com\/wp-content\/uploads\/2021\/04\/Principe-Encantado-Logo-300x135.png 300w, https:\/\/sexoempt.com\/wp-content\/uploads\/2021\/04\/Principe-Encantado-Logo.png 347w\" sizes=\"(max-width: 300px) 100vw, 300px\" \/>\n            <\/div>\n        <\/div><div class=\"eael-entry-wrapper\"><header class=\"eael-entry-header\"><h2 class=\"eael-entry-title\"><a class=\"eael-grid-post-link\" href=\"https:\/\/sexoempt.com\/?p=461\" title=\"Motel Pr\u00edncipe Encantado\">Motel Pr\u00edncipe Encantado<\/a><\/h2><\/header><div class=\"eael-entry-content\">\n                        <div class=\"eael-grid-post-excerpt\"><p>Localizado na Mealhada, o hist\u00f3rico Motel Pr\u00edncipe Encantado&nbsp; foi fundado em 1992 e foi o primeiro motel do g\u00e9nero em<\/p><a href=\"https:\/\/sexoempt.com\/?p=461\" class=\"eael-post-elements-readmore-btn\">Ler mais<\/a><\/div>\n                    <\/div><div class=\"eael-entry-footer\"><div class=\"eael-entry-meta\"><\/div><\/div><\/div><\/div>\n        <\/div>\n    <\/article><article class=\"eael-grid-post eael-post-grid-column\" data-id=\"450\">\n        <div class=\"eael-grid-post-holder\">\n            <div class=\"eael-grid-post-holder-inner\"><div class=\"eael-entry-media\"><div class=\"eael-entry-overlay fade-in\"><i class=\"fas fa-long-arrow-alt-right\" aria-hidden=\"true\"><\/i><a href=\"https:\/\/sexoempt.com\/?p=450\"><\/a><\/div><div class=\"eael-entry-thumbnail \">\n                <img loading=\"lazy\" decoding=\"async\" width=\"280\" height=\"76\" src=\"https:\/\/sexoempt.com\/wp-content\/uploads\/2021\/04\/Eclipse-Logo.png\" class=\"attachment-medium size-medium wp-image-451\" alt=\"\" \/>\n            <\/div>\n        <\/div><div class=\"eael-entry-wrapper\"><header class=\"eael-entry-header\"><h2 class=\"eael-entry-title\"><a class=\"eael-grid-post-link\" href=\"https:\/\/sexoempt.com\/?p=450\" title=\"Motel Eclipse\">Motel Eclipse<\/a><\/h2><\/header><div class=\"eael-entry-content\">\n                        <div class=\"eael-grid-post-excerpt\"><p>Localizado em Albergaria &#8211; a &#8211; Velha, o Motel Eclipse possui suites tem\u00e1ticas com distintas decora\u00e7\u00f5es, com total privacidade. Algumas<\/p><a href=\"https:\/\/sexoempt.com\/?p=450\" class=\"eael-post-elements-readmore-btn\">Ler mais<\/a><\/div>\n                    <\/div><div class=\"eael-entry-footer\"><div class=\"eael-entry-meta\"><\/div><\/div><\/div><\/div>\n        <\/div>\n    <\/article><article class=\"eael-grid-post eael-post-grid-column\" data-id=\"350\">\n        <div class=\"eael-grid-post-holder\">\n            <div class=\"eael-grid-post-holder-inner\"><div class=\"eael-entry-media\"><div class=\"eael-entry-overlay fade-in\"><i class=\"fas fa-long-arrow-alt-right\" aria-hidden=\"true\"><\/i><a href=\"https:\/\/sexoempt.com\/?p=350\"><\/a><\/div><div class=\"eael-entry-thumbnail \">\n                <img loading=\"lazy\" decoding=\"async\" width=\"300\" height=\"52\" src=\"https:\/\/sexoempt.com\/wp-content\/uploads\/2021\/04\/Motel-Pantanal-Logo.jpg\" class=\"attachment-medium size-medium wp-image-351\" alt=\"\" \/>\n            <\/div>\n        <\/div><div class=\"eael-entry-wrapper\"><header class=\"eael-entry-header\"><h2 class=\"eael-entry-title\"><a class=\"eael-grid-post-link\" href=\"https:\/\/sexoempt.com\/?p=350\" title=\"Motel Pantanal\">Motel Pantanal<\/a><\/h2><\/header><div class=\"eael-entry-content\">\n                        <div class=\"eael-grid-post-excerpt\"><p>Localizado em Pombal, o Motel Pantanal tem 23 quartos divididos em 3 tipologias: Sensual, com banheira simples, Sedu\u00e7\u00e3o, com banheira<\/p><a href=\"https:\/\/sexoempt.com\/?p=350\" class=\"eael-post-elements-readmore-btn\">Ler mais<\/a><\/div>\n                    <\/div><div class=\"eael-entry-footer\"><div class=\"eael-entry-meta\"><\/div><\/div><\/div><\/div>\n        <\/div>\n    <\/article><article class=\"eael-grid-post eael-post-grid-column\" data-id=\"107\">\n        <div class=\"eael-grid-post-holder\">\n            <div class=\"eael-grid-post-holder-inner\"><div class=\"eael-entry-media\"><div class=\"eael-entry-overlay fade-in\"><i class=\"fas fa-long-arrow-alt-right\" aria-hidden=\"true\"><\/i><a href=\"https:\/\/sexoempt.com\/?p=107\"><\/a><\/div><div class=\"eael-entry-thumbnail \">\n                <img loading=\"lazy\" decoding=\"async\" width=\"300\" height=\"120\" src=\"https:\/\/sexoempt.com\/wp-content\/uploads\/2021\/04\/Fonte-dos-Amores-Logo-300x120.jpg\" class=\"attachment-medium size-medium wp-image-108\" alt=\"\" srcset=\"https:\/\/sexoempt.com\/wp-content\/uploads\/2021\/04\/Fonte-dos-Amores-Logo-300x120.jpg 300w, https:\/\/sexoempt.com\/wp-content\/uploads\/2021\/04\/Fonte-dos-Amores-Logo.jpg 338w\" sizes=\"(max-width: 300px) 100vw, 300px\" \/>\n            <\/div>\n        <\/div><div class=\"eael-entry-wrapper\"><header class=\"eael-entry-header\"><h2 class=\"eael-entry-title\"><a class=\"eael-grid-post-link\" href=\"https:\/\/sexoempt.com\/?p=107\" title=\"Fonte dos Amores\">Fonte dos Amores<\/a><\/h2><\/header><div class=\"eael-entry-content\">\n                        <div class=\"eael-grid-post-excerpt\"><p>Localizado em Coimbra, o Motel Fonte dos Amores possui cerca de 50 quartos e suites com influ\u00eancias dos v\u00e1rios estilos<\/p><a href=\"https:\/\/sexoempt.com\/?p=107\" class=\"eael-post-elements-readmore-btn\">Ler mais<\/a><\/div>\n                    <\/div><div class=\"eael-entry-footer\"><div class=\"eael-entry-meta\"><\/div><\/div><\/div><\/div>\n        <\/div>\n    <\/article><article class=\"eael-grid-post eael-post-grid-column\" data-id=\"1989\">\n        <div class=\"eael-grid-post-holder\">\n            <div class=\"eael-grid-post-holder-inner\"><div class=\"eael-entry-media\"><div class=\"eael-entry-overlay fade-in\"><i class=\"fas fa-long-arrow-alt-right\" aria-hidden=\"true\"><\/i><a href=\"https:\/\/sexoempt.com\/?p=1989\"><\/a><\/div><div class=\"eael-entry-thumbnail \">\n                <img loading=\"lazy\" decoding=\"async\" width=\"160\" height=\"77\" src=\"https:\/\/sexoempt.com\/wp-content\/uploads\/2022\/05\/Vinyl-M-Hotel-Logo.jpg\" class=\"attachment-medium size-medium wp-image-1990\" alt=\"\" \/>\n            <\/div>\n        <\/div><div class=\"eael-entry-wrapper\"><header class=\"eael-entry-header\"><h2 class=\"eael-entry-title\"><a class=\"eael-grid-post-link\" href=\"https:\/\/sexoempt.com\/?p=1989\" title=\"Vinyl M Hotel\">Vinyl M Hotel<\/a><\/h2><\/header><div class=\"eael-entry-content\">\n                        <div class=\"eael-grid-post-excerpt\"><p>O Vinyl M Hotel \u00e9 um espa\u00e7o que prima pela diferen\u00e7a no design exclusivo e inova\u00e7\u00e3o no conceito, geograficamente \u00e9<\/p><a href=\"https:\/\/sexoempt.com\/?p=1989\" class=\"eael-post-elements-readmore-btn\">Ler mais<\/a><\/div>\n                    <\/div><div class=\"eael-entry-footer\"><div class=\"eael-entry-meta\"><\/div><\/div><\/div><\/div>\n        <\/div>\n    <\/article><\/div>\n            <div class=\"clearfix\"><\/div>\n        <\/div>\t\t\t\t<\/div>\n\t\t\t\t<\/div>\n\t\t\t\t\t<\/div>\n\t\t<\/div>\n\t\t\t\t\t<\/div>\n\t\t<\/section>\n\t\t\t\t<\/div>\n\t\t","protected":false},"excerpt":{"rendered":"<p>Mot\u00e9is localizados na zona centro.<\/p>\n","protected":false},"author":3,"featured_media":0,"parent":0,"menu_order":0,"comment_status":"closed","ping_status":"closed","template":"","meta":{"colormag_page_container_layout":"default_layout","colormag_page_sidebar_layout":"default_layout","footnotes":""},"class_list":["post-534","page","type-page","status-publish","hentry"],"_links":{"self":[{"href":"https:\/\/sexoempt.com\/index.php?rest_route=\/wp\/v2\/pages\/534","targetHints":{"allow":["GET"]}}],"collection":[{"href":"https:\/\/sexoempt.com\/index.php?rest_route=\/wp\/v2\/pages"}],"about":[{"href":"https:\/\/sexoempt.com\/index.php?rest_route=\/wp\/v2\/types\/page"}],"author":[{"embeddable":true,"href":"https:\/\/sexoempt.com\/index.php?rest_route=\/wp\/v2\/users\/3"}],"replies":[{"embeddable":true,"href":"https:\/\/sexoempt.com\/index.php?rest_route=%2Fwp%2Fv2%2Fcomments&post=534"}],"version-history":[{"count":5,"href":"https:\/\/sexoempt.com\/index.php?rest_route=\/wp\/v2\/pages\/534\/revisions"}],"predecessor-version":[{"id":634,"href":"https:\/\/sexoempt.com\/index.php?rest_route=\/wp\/v2\/pages\/534\/revisions\/634"}],"wp:attachment":[{"href":"https:\/\/sexoempt.com\/index.php?rest_route=%2Fwp%2Fv2%2Fmedia&parent=534"}],"curies":[{"name":"wp","href":"https:\/\/api.w.org\/{rel}","templated":true}]}}