{"id":3006,"date":"2022-05-23T22:28:28","date_gmt":"2022-05-23T21:28:28","guid":{"rendered":"https:\/\/sexoempt.com\/?page_id=3006"},"modified":"2022-05-23T22:42:21","modified_gmt":"2022-05-23T21:42:21","slug":"politica-de-cookies","status":"publish","type":"page","link":"https:\/\/sexoempt.com\/?page_id=3006","title":{"rendered":"Pol\u00edtica de cookies"},"content":{"rendered":"<div class=\"cli_pg_page_contaner\">\n<h3><span style=\"color: #ff0000;\"><strong>Acerca da pol\u00edtica de cookies<\/strong><\/span><\/h3>\n<div>Esta Pol\u00edtica de Cookies explica o que s\u00e3o cookies e como os usamos, os tipos de cookies que usamos, a informa\u00e7\u00e3o que recolhemos usando cookies e como essa informa\u00e7\u00e3o \u00e9 usada, e como controlas as prefer\u00eancias dos cookies. Para mais informa\u00e7\u00f5es consulte a p\u00e1gina Termos e condi\u00e7\u00f5es.A qualquer momento pode mudar ou remover o seu consentimento \u00e0 declara\u00e7\u00e3o de cookies do nosso site.Saiba mais sobre n\u00f3s, como nos pode contactar e como processamos dados pessoais na nossa p\u00e1gina Termos e condi\u00e7\u00f5es.O seu consentimento aplica-se ao seguinte dom\u00ednio: \u00a0sexoempt.com<div class=\"cli_user_consent_state\">O seu estado actual: N\u00e3o foi dado consentimento. <a class=\"cli_manage_current_consent\" style=\"cursor:pointer;text-decoration:underline;\">Gerir o seu consentimento.<\/a> <\/div><\/div>\n<h3>\u00a0<\/h3>\n<h3><span style=\"color: #ff0000;\"><strong>O que s\u00e3o cookies?<\/strong><\/span><\/h3>\n<div>Cookies s\u00e3o pequenos ficheiros de texto que s\u00e3o usados para guardar pequenos partes de informa\u00e7\u00e3o. S\u00e3o guardados no seu aparelho ou computador quando o site \u00e9 carregado no seu navegador. Estes cookeis ajudam o nosso site a trabalhar de forma correta, tornando-o mais seguro, fornecer uma melhor experi\u00eancia de utiliza\u00e7\u00e3o, e perceber como o site se comporta e analisar o que funciona e o que necessita de melhorias.<\/div>\n<h3>\u00a0<\/h3>\n<h3><strong><span style=\"color: #ff0000;\">Como usamos cookies?<\/span><\/strong><\/h3>\n<div>Como a maioria dos servi\u00e7os online, o nosso site utiliza cookies pr\u00f3prios e de entidades externas para v\u00e1rios prop\u00f3sitos. Os cookies pr\u00f3prios s\u00e3o necess\u00e1rios para o site funcionar da forma correta, e n\u00e3o recolhem nenhum dado de identifica\u00e7\u00e3o pessoal.Os cookies de entidades externas usados no nosso site s\u00e3o principalmente para perceber como o site se comporta, como o utilizador interage com o site, manter os nossos servi\u00e7os seguros, apresentar an\u00fancios que s\u00e3o relevantes para si, e acima de tudo fornecer-lhe uma melhor experi\u00eancia e melhorar a velocidade de acesso e das itera\u00e7\u00f5es com o nosso site.<\/div>\n<h3>\u00a0<\/h3>\n<h3><strong><span style=\"color: #ff0000;\">Que tipos de cookies usamos?<\/span><\/strong><\/h3>\n<div>Essenciais: Alguns cookies s\u00e3o essenciais para que possa utilizar o site em toda a sua extens\u00e3o. Permitem-nos manter as sess\u00f5es dos utilizadores e prevenir falhas de seguran\u00e7a. N\u00e3o recolhem ou guardam nenhuma informa\u00e7\u00e3o pessoal. Por exemplo, estes cookies permite-lhe ligar-se na sua conta e adicionar produtos ao carrinho e fazer uma transa\u00e7\u00e3o segura.Estat\u00edsticas: Estes cookies guardam informa\u00e7\u00f5es como o n\u00famero de visitantes do site, n\u00famero de visitantes \u00fanicos, que p\u00e1ginas s\u00e3o mais visitadas, de onde v\u00eam as visitas, etc. Estes dados permitem-nos perceber e analisar qu\u00e3o bem o site funciona e onde \u00e9 necess\u00e1rio fazer melhorias.Marketing: O nosso site mostra an\u00fancios. Estes cookies s\u00e3o usados para personalizar os an\u00fancios que lhe mostramos de forma a que seja adequados a si. Estes cookies tamb\u00e9m nos ajudam a verificar a efici\u00eancia das campanhas.A informa\u00e7\u00e3o guardada por estes cookies tamb\u00e9m podem ser usada por entidades externas que fornecem a publicidade que lhe pode ser mostrada noutros sites.Funcional: Estes s\u00e3o cookies que auxiliam certas funcionalidades n\u00e3o essenciais no nosso site. Estas funcionalidades incluem anexar conte\u00fado como v\u00eddeos ou partilhar conte\u00fado do site em plataformas de redes sociais.Prefer\u00eancias: Estes cookies ajudam-nos a guardar as suas configura\u00e7\u00f5es e prefer\u00eancias de navega\u00e7\u00e3o como a l\u00edngua preferida de navega\u00e7\u00e3o para que tenha uma experi\u00eancia melhor e mais eficiente nas visitas futuras ao site.<\/div>\n<div><p>A lista abaixo detalha os cookies utilizados pelo nosso site.<\/p><table class=\"cookielawinfo-row-cat-table cookielawinfo-classic\"><thead><tr><th class=\"cookielawinfo-column-1\">Cookie<\/th><\/tr><\/thead><tbody><tr class=\"cookielawinfo-row\"><td class=\"cookielawinfo-column-1\">cookielawinfo-checkbox-analytics<\/td><\/tr><tr class=\"cookielawinfo-row\"><td class=\"cookielawinfo-column-1\">cookielawinfo-checkbox-functional<\/td><\/tr><tr class=\"cookielawinfo-row\"><td class=\"cookielawinfo-column-1\">cookielawinfo-checkbox-necessary<\/td><\/tr><tr class=\"cookielawinfo-row\"><td class=\"cookielawinfo-column-1\">cookielawinfo-checkbox-others<\/td><\/tr><tr class=\"cookielawinfo-row\"><td class=\"cookielawinfo-column-1\">cookielawinfo-checkbox-performance<\/td><\/tr><tr class=\"cookielawinfo-row\"><td class=\"cookielawinfo-column-1\">viewed_cookie_policy<\/td><\/tr><\/tbody><\/table><\/div>\n<h3>\u00a0<\/h3>\n<h3><strong><span style=\"color: #ff0000;\">Como controlar as prefer\u00eancias dos cookies?<\/span><\/strong><\/h3>\n<div>Se mais tarde decidir alterar as prefer\u00eancias dos cookies durante a sua sess\u00e3o no site, pode clicar em &#8220;Privacy e Cookie Policy&#8221; no seu ecr\u00e3. Esta op\u00e7\u00e3o ir\u00e1 mostrar a o consentimento novamente permitindo alterar as suas prefer\u00eancias ou remover o consentimento.Adicionalmente, os diferentes programas de navega\u00e7\u00e3o fornecem diferentes m\u00e9todos para bloquear e apagar cookies dos sites. Pode alterar estas configura\u00e7\u00f5es no seu navegador para bloquear \/ apagar os cookies. Para encontrar mais informa\u00e7\u00e3o sobre como gerir e apagar cookies, visite a <a href=\"http:\/\/wikipedia.org\">wikipedia.org<\/a>, <a href=\"http:\/\/www.allaboutcookies.org\">www.allaboutcookies.org<\/a>.<\/div>\n<\/div>\n\n\n<p><\/p>\n","protected":false},"excerpt":{"rendered":"<p>Acerca da pol\u00edtica de cookies Esta Pol\u00edtica de Cookies explica o que s\u00e3o cookies e como os usamos, os tipos<\/p>\n","protected":false},"author":3,"featured_media":0,"parent":0,"menu_order":0,"comment_status":"closed","ping_status":"closed","template":"","meta":{"colormag_page_container_layout":"default_layout","colormag_page_sidebar_layout":"default_layout","footnotes":""},"class_list":["post-3006","page","type-page","status-publish","hentry"],"_links":{"self":[{"href":"https:\/\/sexoempt.com\/index.php?rest_route=\/wp\/v2\/pages\/3006","targetHints":{"allow":["GET"]}}],"collection":[{"href":"https:\/\/sexoempt.com\/index.php?rest_route=\/wp\/v2\/pages"}],"about":[{"href":"https:\/\/sexoempt.com\/index.php?rest_route=\/wp\/v2\/types\/page"}],"author":[{"embeddable":true,"href":"https:\/\/sexoempt.com\/index.php?rest_route=\/wp\/v2\/users\/3"}],"replies":[{"embeddable":true,"href":"https:\/\/sexoempt.com\/index.php?rest_route=%2Fwp%2Fv2%2Fcomments&post=3006"}],"version-history":[{"count":3,"href":"https:\/\/sexoempt.com\/index.php?rest_route=\/wp\/v2\/pages\/3006\/revisions"}],"predecessor-version":[{"id":3011,"href":"https:\/\/sexoempt.com\/index.php?rest_route=\/wp\/v2\/pages\/3006\/revisions\/3011"}],"wp:attachment":[{"href":"https:\/\/sexoempt.com\/index.php?rest_route=%2Fwp%2Fv2%2Fmedia&parent=3006"}],"curies":[{"name":"wp","href":"https:\/\/api.w.org\/{rel}","templated":true}]}}