{"id":3,"date":"2021-04-14T22:16:55","date_gmt":"2021-04-14T22:16:55","guid":{"rendered":"https:\/\/sexoempt.com\/?page_id=3"},"modified":"2022-05-25T22:49:47","modified_gmt":"2022-05-25T21:49:47","slug":"privacy-policy","status":"publish","type":"page","link":"https:\/\/sexoempt.com\/?page_id=3","title":{"rendered":"Pol\u00edtica de Privacidade"},"content":{"rendered":"\n<h2 class=\"has-text-color wp-block-heading\" style=\"color:#ff0000\"><strong>Quem somos<\/strong><\/h2>\n\n\n\n<p>O endere\u00e7o do nosso site \u00e9: https:\/\/sexoempt.com.<\/p>\n\n\n\n<h2 class=\"has-text-color wp-block-heading\" style=\"color:#ff0000\"><strong>Coment\u00e1rios<\/strong><\/h2>\n\n\n\n<p>Quando os visitantes deixam coment\u00e1rios no site, recolhemos os dados mostrados nas caixas de comet\u00e1rios, e tamb\u00e9m o endere\u00e7o IP dos utilizadores e tamb\u00e9m a cadeia de carateres do agente de navega\u00e7\u00e3o para ajudar na dete\u00e7\u00e3o de navega\u00e7\u00f5es abusivas.<\/p>\n\n\n\n<p><\/p>\n\n\n\n<h2 class=\"has-text-color wp-block-heading\" style=\"color:#ff0000\"><strong>Media<\/strong><\/h2>\n\n\n\n<p>Se fizer uploads de imagens para o nosso site, evite carregar imagens com dados de localiza\u00e7\u00e3o inseridos nas imagens (EXIF GPS). Os visitantes do site podem fazer download e extrair quaisquer dados de localiza\u00e7\u00e3o das imagens do site.<\/p>\n\n\n\n<h2 class=\"has-text-color wp-block-heading\" style=\"color:#fe0000\"><strong>Cookies<\/strong><\/h2>\n\n\n\n<p>Se deixar um coment\u00e1rio no nosso site pode optar por gravar o seu nome, endere\u00e7o de e-mail e site nos cookies. Estes s\u00e3o usados para facilitar a navega\u00e7\u00e3o e n\u00e3o estar sempre a preencher esses dados quando quiser colocar outro coment\u00e1rio. Estes cookies s\u00e3o guardados por um ano.<\/p>\n\n\n\n<p>Se visita a nossa p\u00e1gina de acesso, instalamos um cookie tempor\u00e1rio para determinar se o seu navegador aceita cookies. Este cookie n\u00e3o cont\u00e9m qualquer dado pessoal e \u00e9 apagado quando fecha o seu navegador.<\/p>\n\n\n\n<p>Quando se liga, tamb\u00e9m instalamos v\u00e1rios cookies para guardar a informa\u00e7\u00e3o de registo e as suas escolhas. Cookies de registo tem uma dura\u00e7\u00e3o de dois dias e as suas op\u00e7\u00f5es uma dura\u00e7\u00e3o de um ano. Se ecolher a op\u00e7\u00e3o &#8220;Lembre-se de mim&#8221;, o cookie permanece guardado por duas semanas. Se se desconectar os cookies de ligaa\u00e7\u00e3o s\u00e3o eliminados.<\/p>\n\n\n\n<p><\/p>\n\n\n\n<h2 class=\"has-text-color wp-block-heading\" style=\"color:#ff0000\"><strong>Conte\u00fado inserido de outros sites<\/strong><\/h2>\n\n\n\n<p>Os artigos neste site podem possuir conte\u00fado de outros sites. Este conte\u00fado inserido de outros sites comporta-se exatamente como se  visitante estivesse a navegar no site externo que providencia esse conte\u00fado. <\/p>\n\n\n\n<p>Estes site  poder\u00e3o recolher dados sobre si, utilizar cookies, inserir rastreadores de entidades externas e monitorizar a sua intera\u00e7\u00e3o com esse conte\u00fado.<\/p>\n\n\n\n<h2 class=\"has-text-color wp-block-heading\" style=\"color:#fe0000\"><strong>Com que partilhamos os seus dados<\/strong><\/h2>\n\n\n\n<p>Os seus dados n\u00e3o ser\u00e3o partilhados com ningu\u00e9m.<\/p>\n\n\n\n<h2 class=\"has-text-color wp-block-heading\" style=\"color:#ff0000\"><strong>Durante quanto tempo retemos os seus dados<\/strong><\/h2>\n\n\n\n<p>Se deixar um coment\u00e1rio, o coment\u00e1rio e os metadados ficar\u00e3o guardados indefinidamente.<\/p>\n\n\n\n<p>Para utilizadores que se registem no nosso site, tamb\u00e9m guardamos informa\u00e7\u00e3o pessoal que \u00e9 fornecida no perfil do utilizador. Todos os utilizadores podem ver, editaar e apagar as suas informa\u00e7\u00f5es pessoais em qualquer altura. Os gestores do site tamb\u00e9m podem ver e editar essa informa\u00e7\u00e3o.<\/p>\n\n\n\n<h2 class=\"has-text-color wp-block-heading\" style=\"color:#ff0000\"><strong>Que direitos tem sobre os seus dados?<\/strong><\/h2>\n\n\n\n<p>Pode pedir para apagarmos qualquer dado pessoal que tenhamos seu. Isto n\u00e3o inclui nenhum dado que sejamos obrigados a guardar para quest\u00f5es administrativas, legais ou de seguran\u00e7a.<\/p>\n","protected":false},"excerpt":{"rendered":"<p>Quem somos O endere\u00e7o do nosso site \u00e9: https:\/\/sexoempt.com. Coment\u00e1rios Quando os visitantes deixam coment\u00e1rios no site, recolhemos os dados<\/p>\n","protected":false},"author":3,"featured_media":0,"parent":0,"menu_order":0,"comment_status":"closed","ping_status":"closed","template":"","meta":{"colormag_page_container_layout":"default_layout","colormag_page_sidebar_layout":"default_layout","footnotes":""},"class_list":["post-3","page","type-page","status-publish","hentry"],"_links":{"self":[{"href":"https:\/\/sexoempt.com\/index.php?rest_route=\/wp\/v2\/pages\/3","targetHints":{"allow":["GET"]}}],"collection":[{"href":"https:\/\/sexoempt.com\/index.php?rest_route=\/wp\/v2\/pages"}],"about":[{"href":"https:\/\/sexoempt.com\/index.php?rest_route=\/wp\/v2\/types\/page"}],"author":[{"embeddable":true,"href":"https:\/\/sexoempt.com\/index.php?rest_route=\/wp\/v2\/users\/3"}],"replies":[{"embeddable":true,"href":"https:\/\/sexoempt.com\/index.php?rest_route=%2Fwp%2Fv2%2Fcomments&post=3"}],"version-history":[{"count":4,"href":"https:\/\/sexoempt.com\/index.php?rest_route=\/wp\/v2\/pages\/3\/revisions"}],"predecessor-version":[{"id":3091,"href":"https:\/\/sexoempt.com\/index.php?rest_route=\/wp\/v2\/pages\/3\/revisions\/3091"}],"wp:attachment":[{"href":"https:\/\/sexoempt.com\/index.php?rest_route=%2Fwp%2Fv2%2Fmedia&parent=3"}],"curies":[{"name":"wp","href":"https:\/\/api.w.org\/{rel}","templated":true}]}}