{"id":1630,"date":"2022-03-13T21:47:57","date_gmt":"2022-03-13T20:47:57","guid":{"rendered":"https:\/\/sexoempt.com\/?page_id=1630"},"modified":"2022-03-13T21:48:29","modified_gmt":"2022-03-13T20:48:29","slug":"ao-vivo","status":"publish","type":"page","link":"https:\/\/sexoempt.com\/?page_id=1630","title":{"rendered":"Ao vivo"},"content":{"rendered":"\t\t<div data-elementor-type=\"wp-page\" data-elementor-id=\"1630\" class=\"elementor elementor-1630\">\n\t\t\t\t\t\t<section class=\"has_eae_slider elementor-section elementor-top-section elementor-element elementor-element-a248881 elementor-section-boxed elementor-section-height-default elementor-section-height-default exad-glass-effect-no exad-sticky-section-no\" data-eae-slider=\"6419\" data-id=\"a248881\" data-element_type=\"section\">\n\t\t\t\t\t\t<div class=\"elementor-container elementor-column-gap-default\">\n\t\t\t\t\t<div class=\"has_eae_slider elementor-column elementor-col-100 elementor-top-column elementor-element elementor-element-5120b3f exad-glass-effect-no exad-sticky-section-no\" data-eae-slider=\"75112\" data-id=\"5120b3f\" data-element_type=\"column\">\n\t\t\t<div class=\"elementor-widget-wrap elementor-element-populated\">\n\t\t\t\t\t\t<div class=\"elementor-element elementor-element-05c6ac5 elementor-grid-eael-col-4 elementor-grid-tablet-eael-col-2 elementor-grid-mobile-eael-col-1 exad-sticky-section-no exad-glass-effect-no elementor-invisible elementor-widget elementor-widget-eael-post-grid\" data-id=\"05c6ac5\" data-element_type=\"widget\" data-settings=\"{&quot;_animation&quot;:&quot;fadeIn&quot;,&quot;eael_post_grid_columns&quot;:&quot;eael-col-4&quot;,&quot;eael_post_grid_columns_tablet&quot;:&quot;eael-col-2&quot;,&quot;eael_post_grid_columns_mobile&quot;:&quot;eael-col-1&quot;}\" data-widget_type=\"eael-post-grid.default\">\n\t\t\t\t<div class=\"elementor-widget-container\">\n\t\t\t\t\t<div id=\"eael-post-grid-05c6ac5\" class=\"eael-post-grid-container\">\n            <div class=\"eael-post-grid eael-post-appender eael-post-appender-05c6ac5 eael-post-grid-style-one\" data-layout-mode=\"grid\"><article class=\"eael-grid-post eael-post-grid-column\" data-id=\"1975\">\n        <div class=\"eael-grid-post-holder\">\n            <div class=\"eael-grid-post-holder-inner\"><div class=\"eael-entry-media\"><div class=\"eael-entry-overlay fade-in\"><i class=\"fas fa-long-arrow-alt-right\" aria-hidden=\"true\"><\/i><a href=\"https:\/\/sexoempt.com\/?p=1975\"><\/a><\/div><div class=\"eael-entry-thumbnail \">\n                <img decoding=\"async\" width=\"194\" height=\"41\" src=\"https:\/\/sexoempt.com\/wp-content\/uploads\/2022\/05\/Cam4-Logo.png\" class=\"attachment-medium size-medium wp-image-1976\" alt=\"\" \/>\n            <\/div>\n        <\/div><div class=\"eael-entry-wrapper\"><header class=\"eael-entry-header\"><h2 class=\"eael-entry-title\"><a class=\"eael-grid-post-link\" href=\"https:\/\/sexoempt.com\/?p=1975\" title=\"Cam4\">Cam4<\/a><\/h2><\/header><div class=\"eael-entry-content\">\n                        <div class=\"eael-grid-post-excerpt\"><p>Site que permite ver v\u00eddeos de homens, mulheres, casais e transexuais. Adicionalmente permite interagir com quem apresenta o v\u00eddeo e<\/p><a href=\"https:\/\/sexoempt.com\/?p=1975\" class=\"eael-post-elements-readmore-btn\">Ler mais<\/a><\/div>\n                    <\/div><div class=\"eael-entry-footer\"><div class=\"eael-entry-meta\"><\/div><\/div><\/div><\/div>\n        <\/div>\n    <\/article><article class=\"eael-grid-post eael-post-grid-column\" data-id=\"1967\">\n        <div class=\"eael-grid-post-holder\">\n            <div class=\"eael-grid-post-holder-inner\"><div class=\"eael-entry-media\"><div class=\"eael-entry-overlay fade-in\"><i class=\"fas fa-long-arrow-alt-right\" aria-hidden=\"true\"><\/i><a href=\"https:\/\/sexoempt.com\/?p=1967\"><\/a><\/div><div class=\"eael-entry-thumbnail \">\n                <img decoding=\"async\" width=\"300\" height=\"69\" src=\"https:\/\/sexoempt.com\/wp-content\/uploads\/2022\/05\/Madthumbs-Logo-300x69.png\" class=\"attachment-medium size-medium wp-image-1968\" alt=\"\" srcset=\"https:\/\/sexoempt.com\/wp-content\/uploads\/2022\/05\/Madthumbs-Logo-300x69.png 300w, https:\/\/sexoempt.com\/wp-content\/uploads\/2022\/05\/Madthumbs-Logo.png 320w\" sizes=\"(max-width: 300px) 100vw, 300px\" \/>\n            <\/div>\n        <\/div><div class=\"eael-entry-wrapper\"><header class=\"eael-entry-header\"><h2 class=\"eael-entry-title\"><a class=\"eael-grid-post-link\" href=\"https:\/\/sexoempt.com\/?p=1967\" title=\"Madthumbs\">Madthumbs<\/a><\/h2><\/header><div class=\"eael-entry-content\">\n                        <div class=\"eael-grid-post-excerpt\"><p>Site que permite ver v\u00eddeos de homens, mulheres, casais e transexuais. Adicionalmente permite interagir com quem apresenta o v\u00eddeo e<\/p><a href=\"https:\/\/sexoempt.com\/?p=1967\" class=\"eael-post-elements-readmore-btn\">Ler mais<\/a><\/div>\n                    <\/div><div class=\"eael-entry-footer\"><div class=\"eael-entry-meta\"><\/div><\/div><\/div><\/div>\n        <\/div>\n    <\/article><article class=\"eael-grid-post eael-post-grid-column\" data-id=\"1899\">\n        <div class=\"eael-grid-post-holder\">\n            <div class=\"eael-grid-post-holder-inner\"><div class=\"eael-entry-media\"><div class=\"eael-entry-overlay fade-in\"><i class=\"fas fa-long-arrow-alt-right\" aria-hidden=\"true\"><\/i><a href=\"https:\/\/sexoempt.com\/?p=1899\"><\/a><\/div><div class=\"eael-entry-thumbnail \">\n                <img decoding=\"async\" width=\"187\" height=\"52\" src=\"https:\/\/sexoempt.com\/wp-content\/uploads\/2022\/05\/xHamster-Live-Logo.jpg\" class=\"attachment-medium size-medium wp-image-1900\" alt=\"\" \/>\n            <\/div>\n        <\/div><div class=\"eael-entry-wrapper\"><header class=\"eael-entry-header\"><h2 class=\"eael-entry-title\"><a class=\"eael-grid-post-link\" href=\"https:\/\/sexoempt.com\/?p=1899\" title=\"xHamster Live\">xHamster Live<\/a><\/h2><\/header><div class=\"eael-entry-content\">\n                        <div class=\"eael-grid-post-excerpt\"><p>Pertencente \u00e0 rede do xHamster,&nbsp; um dos mais antigos e melhores sites de v\u00eddeos para adultos, o xHamster Live apresenta<\/p><a href=\"https:\/\/sexoempt.com\/?p=1899\" class=\"eael-post-elements-readmore-btn\">Ler mais<\/a><\/div>\n                    <\/div><div class=\"eael-entry-footer\"><div class=\"eael-entry-meta\"><\/div><\/div><\/div><\/div>\n        <\/div>\n    <\/article><article class=\"eael-grid-post eael-post-grid-column\" data-id=\"1957\">\n        <div class=\"eael-grid-post-holder\">\n            <div class=\"eael-grid-post-holder-inner\"><div class=\"eael-entry-media\"><div class=\"eael-entry-overlay fade-in\"><i class=\"fas fa-long-arrow-alt-right\" aria-hidden=\"true\"><\/i><a href=\"https:\/\/sexoempt.com\/?p=1957\"><\/a><\/div><div class=\"eael-entry-thumbnail \">\n                <img loading=\"lazy\" decoding=\"async\" width=\"127\" height=\"35\" src=\"https:\/\/sexoempt.com\/wp-content\/uploads\/2022\/05\/Monster-Tube-Logo.jpg\" class=\"attachment-medium size-medium wp-image-1961\" alt=\"\" \/>\n            <\/div>\n        <\/div><div class=\"eael-entry-wrapper\"><header class=\"eael-entry-header\"><h2 class=\"eael-entry-title\"><a class=\"eael-grid-post-link\" href=\"https:\/\/sexoempt.com\/?p=1957\" title=\"Monster Tube\">Monster Tube<\/a><\/h2><\/header><div class=\"eael-entry-content\">\n                        <div class=\"eael-grid-post-excerpt\"><p>Site que permite ver v\u00eddeos de homens e mulheres. Adicionalmente permite interagir com quem apresenta o v\u00eddeo e tamb\u00e9m entrar<\/p><a href=\"https:\/\/sexoempt.com\/?p=1957\" class=\"eael-post-elements-readmore-btn\">Ler mais<\/a><\/div>\n                    <\/div><div class=\"eael-entry-footer\"><div class=\"eael-entry-meta\"><\/div><\/div><\/div><\/div>\n        <\/div>\n    <\/article><\/div>\n            <div class=\"clearfix\"><\/div>\n        <\/div>\t\t\t\t<\/div>\n\t\t\t\t<\/div>\n\t\t\t\t\t<\/div>\n\t\t<\/div>\n\t\t\t\t\t<\/div>\n\t\t<\/section>\n\t\t\t\t<\/div>\n\t\t","protected":false},"excerpt":{"rendered":"<p>Sexo ao vivo<\/p>\n","protected":false},"author":3,"featured_media":0,"parent":0,"menu_order":0,"comment_status":"closed","ping_status":"closed","template":"","meta":{"colormag_page_container_layout":"default_layout","colormag_page_sidebar_layout":"default_layout","footnotes":""},"class_list":["post-1630","page","type-page","status-publish","hentry"],"_links":{"self":[{"href":"https:\/\/sexoempt.com\/index.php?rest_route=\/wp\/v2\/pages\/1630","targetHints":{"allow":["GET"]}}],"collection":[{"href":"https:\/\/sexoempt.com\/index.php?rest_route=\/wp\/v2\/pages"}],"about":[{"href":"https:\/\/sexoempt.com\/index.php?rest_route=\/wp\/v2\/types\/page"}],"author":[{"embeddable":true,"href":"https:\/\/sexoempt.com\/index.php?rest_route=\/wp\/v2\/users\/3"}],"replies":[{"embeddable":true,"href":"https:\/\/sexoempt.com\/index.php?rest_route=%2Fwp%2Fv2%2Fcomments&post=1630"}],"version-history":[{"count":4,"href":"https:\/\/sexoempt.com\/index.php?rest_route=\/wp\/v2\/pages\/1630\/revisions"}],"predecessor-version":[{"id":1634,"href":"https:\/\/sexoempt.com\/index.php?rest_route=\/wp\/v2\/pages\/1630\/revisions\/1634"}],"wp:attachment":[{"href":"https:\/\/sexoempt.com\/index.php?rest_route=%2Fwp%2Fv2%2Fmedia&parent=1630"}],"curies":[{"name":"wp","href":"https:\/\/api.w.org\/{rel}","templated":true}]}}